{"id":1262,"date":"2024-04-23T22:47:38","date_gmt":"2024-04-23T20:47:38","guid":{"rendered":"http:\/\/lesbutineursdubonheur.com\/?page_id=1262"},"modified":"2024-07-02T18:38:03","modified_gmt":"2024-07-02T16:38:03","slug":"labeille-la-comprendre-pour-mieux-la-preserver","status":"publish","type":"page","link":"https:\/\/lesbutineursdubonheur.com\/index.php\/labeille-la-comprendre-pour-mieux-la-preserver\/","title":{"rendered":"L&#8217;abeille mellif\u00e8re"},"content":{"rendered":"\n<h3 class=\"wp-block-heading\">La comprendre pour mieux la pr\u00e9server<\/h3>\n\n\n\n<figure class=\"wp-block-image size-large\"><img loading=\"lazy\" decoding=\"async\" width=\"724\" height=\"1024\" src=\"http:\/\/lesbutineursdubonheur.com\/wp-content\/uploads\/2024\/04\/Conference-la-comprendre-pour-mieux-la-preserver-2-724x1024.jpg\" alt=\"\" class=\"wp-image-1292\" srcset=\"https:\/\/lesbutineursdubonheur.com\/wp-content\/uploads\/2024\/04\/Conference-la-comprendre-pour-mieux-la-preserver-2-724x1024.jpg 724w, https:\/\/lesbutineursdubonheur.com\/wp-content\/uploads\/2024\/04\/Conference-la-comprendre-pour-mieux-la-preserver-2-212x300.jpg 212w, https:\/\/lesbutineursdubonheur.com\/wp-content\/uploads\/2024\/04\/Conference-la-comprendre-pour-mieux-la-preserver-2-768x1086.jpg 768w, https:\/\/lesbutineursdubonheur.com\/wp-content\/uploads\/2024\/04\/Conference-la-comprendre-pour-mieux-la-preserver-2-1086x1536.jpg 1086w, https:\/\/lesbutineursdubonheur.com\/wp-content\/uploads\/2024\/04\/Conference-la-comprendre-pour-mieux-la-preserver-2-1448x2048.jpg 1448w, https:\/\/lesbutineursdubonheur.com\/wp-content\/uploads\/2024\/04\/Conference-la-comprendre-pour-mieux-la-preserver-2-42x60.jpg 42w, https:\/\/lesbutineursdubonheur.com\/wp-content\/uploads\/2024\/04\/Conference-la-comprendre-pour-mieux-la-preserver-2.jpg 1587w\" sizes=\"auto, (max-width: 724px) 100vw, 724px\" \/><\/figure>\n\n\n\n<h5 class=\"wp-block-heading\">L&#8217;abeille mellif\u00e8re est pr\u00e9sent\u00e9e comme la sentinelle de l\u2019environnement, de nombreuses personnes se lancent dans l&#8217;apiculture afin de pr\u00e9server cette insecte fascinant. <\/h5>\n\n\n\n<h5 class=\"wp-block-heading\">Nous allons tout d&#8217;abord aborder l&#8217;histoire de la relation entre l&#8217;homme et l&#8217;abeille puis \u00e0 partir des observations faites par des entomologistes comparer les diff\u00e9rentes formes d&#8217;apiculture au mode de vie sauvage de l&#8217;abeille mellif\u00e8re et enfin nous aborderons ce qui se passe au sein de la ruche.<\/h5>\n\n\n\n<p><\/p>\n\n\n\n<figure class=\"wp-block-image size-large\"><img loading=\"lazy\" decoding=\"async\" width=\"1024\" height=\"485\" src=\"http:\/\/lesbutineursdubonheur.com\/wp-content\/uploads\/2024\/06\/349359566_1000882574422061_1271912858698082024_n-1024x485.jpg\" alt=\"\" class=\"wp-image-1329\" srcset=\"https:\/\/lesbutineursdubonheur.com\/wp-content\/uploads\/2024\/06\/349359566_1000882574422061_1271912858698082024_n-1024x485.jpg 1024w, https:\/\/lesbutineursdubonheur.com\/wp-content\/uploads\/2024\/06\/349359566_1000882574422061_1271912858698082024_n-300x142.jpg 300w, https:\/\/lesbutineursdubonheur.com\/wp-content\/uploads\/2024\/06\/349359566_1000882574422061_1271912858698082024_n-768x364.jpg 768w, https:\/\/lesbutineursdubonheur.com\/wp-content\/uploads\/2024\/06\/349359566_1000882574422061_1271912858698082024_n-127x60.jpg 127w, https:\/\/lesbutineursdubonheur.com\/wp-content\/uploads\/2024\/06\/349359566_1000882574422061_1271912858698082024_n.jpg 1134w\" sizes=\"auto, (max-width: 1024px) 100vw, 1024px\" \/><\/figure>\n\n\n\n<h6 class=\"wp-block-heading\">conf\u00e9rence participative en plein air ou en salle d&#8217;une dur\u00e9e de 1h30<\/h6>\n\n\n\n<figure class=\"wp-block-image size-large\"><img loading=\"lazy\" decoding=\"async\" width=\"1024\" height=\"768\" src=\"http:\/\/lesbutineursdubonheur.com\/wp-content\/uploads\/2024\/07\/IMG_20240601_145801_resized_20240604_034927585-1024x768.jpg\" alt=\"\" class=\"wp-image-1343\" srcset=\"https:\/\/lesbutineursdubonheur.com\/wp-content\/uploads\/2024\/07\/IMG_20240601_145801_resized_20240604_034927585-1024x768.jpg 1024w, https:\/\/lesbutineursdubonheur.com\/wp-content\/uploads\/2024\/07\/IMG_20240601_145801_resized_20240604_034927585-300x225.jpg 300w, https:\/\/lesbutineursdubonheur.com\/wp-content\/uploads\/2024\/07\/IMG_20240601_145801_resized_20240604_034927585-768x576.jpg 768w, https:\/\/lesbutineursdubonheur.com\/wp-content\/uploads\/2024\/07\/IMG_20240601_145801_resized_20240604_034927585-1536x1152.jpg 1536w, https:\/\/lesbutineursdubonheur.com\/wp-content\/uploads\/2024\/07\/IMG_20240601_145801_resized_20240604_034927585-2048x1536.jpg 2048w, https:\/\/lesbutineursdubonheur.com\/wp-content\/uploads\/2024\/07\/IMG_20240601_145801_resized_20240604_034927585-80x60.jpg 80w\" sizes=\"auto, (max-width: 1024px) 100vw, 1024px\" \/><\/figure>\n","protected":false},"excerpt":{"rendered":"<p>La comprendre pour mieux la pr\u00e9server L&#8217;abeille mellif\u00e8re est pr\u00e9sent\u00e9e comme la sentinelle de l\u2019environnement, de nombreuses personnes se lancent dans l&#8217;apiculture afin de pr\u00e9server &hellip; <\/p>\n","protected":false},"author":1,"featured_media":0,"parent":0,"menu_order":0,"comment_status":"closed","ping_status":"closed","template":"","meta":{"footnotes":""},"class_list":["post-1262","page","type-page","status-publish","hentry","latest_post"],"_links":{"self":[{"href":"https:\/\/lesbutineursdubonheur.com\/index.php\/wp-json\/wp\/v2\/pages\/1262","targetHints":{"allow":["GET"]}}],"collection":[{"href":"https:\/\/lesbutineursdubonheur.com\/index.php\/wp-json\/wp\/v2\/pages"}],"about":[{"href":"https:\/\/lesbutineursdubonheur.com\/index.php\/wp-json\/wp\/v2\/types\/page"}],"author":[{"embeddable":true,"href":"https:\/\/lesbutineursdubonheur.com\/index.php\/wp-json\/wp\/v2\/users\/1"}],"replies":[{"embeddable":true,"href":"https:\/\/lesbutineursdubonheur.com\/index.php\/wp-json\/wp\/v2\/comments?post=1262"}],"version-history":[{"count":8,"href":"https:\/\/lesbutineursdubonheur.com\/index.php\/wp-json\/wp\/v2\/pages\/1262\/revisions"}],"predecessor-version":[{"id":1345,"href":"https:\/\/lesbutineursdubonheur.com\/index.php\/wp-json\/wp\/v2\/pages\/1262\/revisions\/1345"}],"wp:attachment":[{"href":"https:\/\/lesbutineursdubonheur.com\/index.php\/wp-json\/wp\/v2\/media?parent=1262"}],"curies":[{"name":"wp","href":"https:\/\/api.w.org\/{rel}","templated":true}]}}