{"id":1270,"date":"2024-04-23T23:10:38","date_gmt":"2024-04-23T21:10:38","guid":{"rendered":"http:\/\/lesbutineursdubonheur.com\/?page_id=1270"},"modified":"2026-03-11T11:40:11","modified_gmt":"2026-03-11T10:40:11","slug":"les-produits-de-la-ruche","status":"publish","type":"page","link":"https:\/\/lesbutineursdubonheur.com\/index.php\/les-produits-de-la-ruche\/","title":{"rendered":"Les tr\u00e9sors d&#8217;abeilles"},"content":{"rendered":"\n<h5 class=\"wp-block-heading\">M\u00eame si l&#8217;utilisation des produits de la ruche ne peut suffire au traitement de pathologies et qu&#8217;un avis m\u00e9dical est toujours n\u00e9cessaire, les abeilles fournissent des substances remarquables qui depuis plusieurs milliers d&#8217;ann\u00e9es, accompagnent les hommes et les femmes dans la pr\u00e9vention et le bien \u00eatre..<\/h5>\n\n\n\n<h5 class=\"wp-block-heading\"><\/h5>\n\n\n\n<h5 class=\"wp-block-heading\">La conf\u00e9rence dure 2h elle se d\u00e9roule en format diaporama interactif en salle.<\/h5>\n\n\n\n<figure class=\"wp-block-image size-large\"><img loading=\"lazy\" decoding=\"async\" width=\"724\" height=\"1024\" src=\"https:\/\/lesbutineursdubonheur.com\/wp-content\/uploads\/2025\/08\/Copie-de-Conference-les-produits-de-la-ruche-724x1024.png\" alt=\"\" class=\"wp-image-1779\" srcset=\"https:\/\/lesbutineursdubonheur.com\/wp-content\/uploads\/2025\/08\/Copie-de-Conference-les-produits-de-la-ruche-724x1024.png 724w, https:\/\/lesbutineursdubonheur.com\/wp-content\/uploads\/2025\/08\/Copie-de-Conference-les-produits-de-la-ruche-212x300.png 212w, https:\/\/lesbutineursdubonheur.com\/wp-content\/uploads\/2025\/08\/Copie-de-Conference-les-produits-de-la-ruche-768x1086.png 768w, https:\/\/lesbutineursdubonheur.com\/wp-content\/uploads\/2025\/08\/Copie-de-Conference-les-produits-de-la-ruche-1086x1536.png 1086w, https:\/\/lesbutineursdubonheur.com\/wp-content\/uploads\/2025\/08\/Copie-de-Conference-les-produits-de-la-ruche-1448x2048.png 1448w, https:\/\/lesbutineursdubonheur.com\/wp-content\/uploads\/2025\/08\/Copie-de-Conference-les-produits-de-la-ruche-42x60.png 42w, https:\/\/lesbutineursdubonheur.com\/wp-content\/uploads\/2025\/08\/Copie-de-Conference-les-produits-de-la-ruche.png 1587w\" sizes=\"auto, (max-width: 724px) 100vw, 724px\" \/><\/figure>\n\n\n\n<p>Approche &nbsp;de la notion de bonne sant\u00e9<br>D\u00e9finition de l&#8217;apith\u00e9rapie<br>Histoire de l&#8217;apith\u00e9rapie dans le monde<br>Miel, Pollen, Propolis, Cire, Gel\u00e9e Royale, leurs vocations dans la ruche<br>Les tr\u00e9sors d&#8217;abeille dans la m\u00e9decine chinoise<br>Les miels (d\u00e9gustations)  <\/p>\n\n\n\n<figure class=\"wp-block-gallery has-nested-images columns-default is-cropped wp-block-gallery-1 is-layout-flex wp-block-gallery-is-layout-flex\">\n<figure class=\"wp-block-image size-large\"><img loading=\"lazy\" decoding=\"async\" width=\"1024\" height=\"768\" data-id=\"1863\" src=\"https:\/\/lesbutineursdubonheur.com\/wp-content\/uploads\/2026\/03\/650833639_1626948815208142_854845863202590722_n-1024x768.jpg\" alt=\"\" class=\"wp-image-1863\" srcset=\"https:\/\/lesbutineursdubonheur.com\/wp-content\/uploads\/2026\/03\/650833639_1626948815208142_854845863202590722_n-1024x768.jpg 1024w, https:\/\/lesbutineursdubonheur.com\/wp-content\/uploads\/2026\/03\/650833639_1626948815208142_854845863202590722_n-300x225.jpg 300w, https:\/\/lesbutineursdubonheur.com\/wp-content\/uploads\/2026\/03\/650833639_1626948815208142_854845863202590722_n-768x576.jpg 768w, https:\/\/lesbutineursdubonheur.com\/wp-content\/uploads\/2026\/03\/650833639_1626948815208142_854845863202590722_n-1536x1152.jpg 1536w, https:\/\/lesbutineursdubonheur.com\/wp-content\/uploads\/2026\/03\/650833639_1626948815208142_854845863202590722_n-80x60.jpg 80w, https:\/\/lesbutineursdubonheur.com\/wp-content\/uploads\/2026\/03\/650833639_1626948815208142_854845863202590722_n.jpg 2048w\" sizes=\"auto, (max-width: 1024px) 100vw, 1024px\" \/><\/figure>\n\n\n\n<figure class=\"wp-block-image size-large\"><img loading=\"lazy\" decoding=\"async\" width=\"1024\" height=\"768\" data-id=\"1510\" src=\"http:\/\/lesbutineursdubonheur.com\/wp-content\/uploads\/2025\/01\/20241011_201533-1-1024x768.jpg\" alt=\"\" class=\"wp-image-1510\" srcset=\"https:\/\/lesbutineursdubonheur.com\/wp-content\/uploads\/2025\/01\/20241011_201533-1-1024x768.jpg 1024w, https:\/\/lesbutineursdubonheur.com\/wp-content\/uploads\/2025\/01\/20241011_201533-1-300x225.jpg 300w, https:\/\/lesbutineursdubonheur.com\/wp-content\/uploads\/2025\/01\/20241011_201533-1-768x576.jpg 768w, https:\/\/lesbutineursdubonheur.com\/wp-content\/uploads\/2025\/01\/20241011_201533-1-1536x1152.jpg 1536w, https:\/\/lesbutineursdubonheur.com\/wp-content\/uploads\/2025\/01\/20241011_201533-1-2048x1536.jpg 2048w, https:\/\/lesbutineursdubonheur.com\/wp-content\/uploads\/2025\/01\/20241011_201533-1-80x60.jpg 80w\" sizes=\"auto, (max-width: 1024px) 100vw, 1024px\" \/><\/figure>\n<\/figure>\n\n\n\n<p><strong>Pr\u00e9sentation des <\/strong> <strong>6 Demi-journ\u00e9es d&#8217;ateliers<\/strong><\/p>\n\n\n\n<ul class=\"wp-block-list\">\n<li>La propolis propri\u00e9t\u00e9s, applications, contre indications, confection d&#8217;une extraction alcoolique (3h) lieu en salle (Janvier ou F\u00e9vrier)<\/li>\n<\/ul>\n\n\n\n<figure class=\"wp-block-gallery has-nested-images columns-default is-cropped wp-block-gallery-2 is-layout-flex wp-block-gallery-is-layout-flex\">\n<figure class=\"wp-block-image size-large\"><img loading=\"lazy\" decoding=\"async\" width=\"826\" height=\"1024\" data-id=\"1565\" src=\"http:\/\/lesbutineursdubonheur.com\/wp-content\/uploads\/2025\/02\/66161318_126626891907016_487940372526268416_n-826x1024.jpg\" alt=\"\" class=\"wp-image-1565\" srcset=\"https:\/\/lesbutineursdubonheur.com\/wp-content\/uploads\/2025\/02\/66161318_126626891907016_487940372526268416_n-826x1024.jpg 826w, https:\/\/lesbutineursdubonheur.com\/wp-content\/uploads\/2025\/02\/66161318_126626891907016_487940372526268416_n-242x300.jpg 242w, https:\/\/lesbutineursdubonheur.com\/wp-content\/uploads\/2025\/02\/66161318_126626891907016_487940372526268416_n-768x952.jpg 768w, https:\/\/lesbutineursdubonheur.com\/wp-content\/uploads\/2025\/02\/66161318_126626891907016_487940372526268416_n-1239x1536.jpg 1239w, https:\/\/lesbutineursdubonheur.com\/wp-content\/uploads\/2025\/02\/66161318_126626891907016_487940372526268416_n-48x60.jpg 48w, https:\/\/lesbutineursdubonheur.com\/wp-content\/uploads\/2025\/02\/66161318_126626891907016_487940372526268416_n.jpg 1652w\" sizes=\"auto, (max-width: 826px) 100vw, 826px\" \/><\/figure>\n\n\n\n<figure class=\"wp-block-image size-large\"><img loading=\"lazy\" decoding=\"async\" width=\"782\" height=\"1024\" data-id=\"1563\" src=\"http:\/\/lesbutineursdubonheur.com\/wp-content\/uploads\/2025\/02\/66592450_126627451906960_2115008060245147648_n-782x1024.jpg\" alt=\"\" class=\"wp-image-1563\" srcset=\"https:\/\/lesbutineursdubonheur.com\/wp-content\/uploads\/2025\/02\/66592450_126627451906960_2115008060245147648_n-782x1024.jpg 782w, https:\/\/lesbutineursdubonheur.com\/wp-content\/uploads\/2025\/02\/66592450_126627451906960_2115008060245147648_n-229x300.jpg 229w, https:\/\/lesbutineursdubonheur.com\/wp-content\/uploads\/2025\/02\/66592450_126627451906960_2115008060245147648_n-768x1006.jpg 768w, https:\/\/lesbutineursdubonheur.com\/wp-content\/uploads\/2025\/02\/66592450_126627451906960_2115008060245147648_n-1173x1536.jpg 1173w, https:\/\/lesbutineursdubonheur.com\/wp-content\/uploads\/2025\/02\/66592450_126627451906960_2115008060245147648_n-46x60.jpg 46w, https:\/\/lesbutineursdubonheur.com\/wp-content\/uploads\/2025\/02\/66592450_126627451906960_2115008060245147648_n.jpg 1564w\" sizes=\"auto, (max-width: 782px) 100vw, 782px\" \/><\/figure>\n\n\n\n<figure class=\"wp-block-image size-large\"><img loading=\"lazy\" decoding=\"async\" width=\"683\" height=\"1024\" data-id=\"1564\" src=\"http:\/\/lesbutineursdubonheur.com\/wp-content\/uploads\/2025\/02\/119954485_333987004504336_8971447812841430353_n-1-683x1024.jpg\" alt=\"\" class=\"wp-image-1564\" srcset=\"https:\/\/lesbutineursdubonheur.com\/wp-content\/uploads\/2025\/02\/119954485_333987004504336_8971447812841430353_n-1-683x1024.jpg 683w, https:\/\/lesbutineursdubonheur.com\/wp-content\/uploads\/2025\/02\/119954485_333987004504336_8971447812841430353_n-1-200x300.jpg 200w, https:\/\/lesbutineursdubonheur.com\/wp-content\/uploads\/2025\/02\/119954485_333987004504336_8971447812841430353_n-1-768x1151.jpg 768w, https:\/\/lesbutineursdubonheur.com\/wp-content\/uploads\/2025\/02\/119954485_333987004504336_8971447812841430353_n-1-1025x1536.jpg 1025w, https:\/\/lesbutineursdubonheur.com\/wp-content\/uploads\/2025\/02\/119954485_333987004504336_8971447812841430353_n-1-40x60.jpg 40w, https:\/\/lesbutineursdubonheur.com\/wp-content\/uploads\/2025\/02\/119954485_333987004504336_8971447812841430353_n-1.jpg 1366w\" sizes=\"auto, (max-width: 683px) 100vw, 683px\" \/><\/figure>\n<\/figure>\n\n\n\n<ul class=\"wp-block-list\">\n<li>La gemmoth\u00e9rapie, historique, principe, r\u00e9f\u00e9rences&nbsp; cueillette et r\u00e9alisation d&#8217;un \u00e9chantillon \u00e0 base de miel. (3h) en salle et en balade (F\u00e9vrier ou Mars)<\/li>\n<\/ul>\n\n\n\n<figure class=\"wp-block-gallery has-nested-images columns-default is-cropped wp-block-gallery-3 is-layout-flex wp-block-gallery-is-layout-flex\">\n<figure class=\"wp-block-image size-large\"><img loading=\"lazy\" decoding=\"async\" width=\"768\" height=\"1024\" data-id=\"1557\" src=\"http:\/\/lesbutineursdubonheur.com\/wp-content\/uploads\/2025\/02\/476762792_603198092498104_7746324842314855799_n-768x1024.jpg\" alt=\"\" class=\"wp-image-1557\" srcset=\"https:\/\/lesbutineursdubonheur.com\/wp-content\/uploads\/2025\/02\/476762792_603198092498104_7746324842314855799_n-768x1024.jpg 768w, https:\/\/lesbutineursdubonheur.com\/wp-content\/uploads\/2025\/02\/476762792_603198092498104_7746324842314855799_n-225x300.jpg 225w, https:\/\/lesbutineursdubonheur.com\/wp-content\/uploads\/2025\/02\/476762792_603198092498104_7746324842314855799_n-1152x1536.jpg 1152w, https:\/\/lesbutineursdubonheur.com\/wp-content\/uploads\/2025\/02\/476762792_603198092498104_7746324842314855799_n-45x60.jpg 45w, https:\/\/lesbutineursdubonheur.com\/wp-content\/uploads\/2025\/02\/476762792_603198092498104_7746324842314855799_n.jpg 1536w\" sizes=\"auto, (max-width: 768px) 100vw, 768px\" \/><\/figure>\n\n\n\n<figure class=\"wp-block-image size-large\"><img loading=\"lazy\" decoding=\"async\" width=\"768\" height=\"1024\" data-id=\"1555\" src=\"http:\/\/lesbutineursdubonheur.com\/wp-content\/uploads\/2025\/02\/475465267_559433027130001_2855745095315046582_n-768x1024.jpg\" alt=\"\" class=\"wp-image-1555\" srcset=\"https:\/\/lesbutineursdubonheur.com\/wp-content\/uploads\/2025\/02\/475465267_559433027130001_2855745095315046582_n-768x1024.jpg 768w, https:\/\/lesbutineursdubonheur.com\/wp-content\/uploads\/2025\/02\/475465267_559433027130001_2855745095315046582_n-225x300.jpg 225w, https:\/\/lesbutineursdubonheur.com\/wp-content\/uploads\/2025\/02\/475465267_559433027130001_2855745095315046582_n-1152x1536.jpg 1152w, https:\/\/lesbutineursdubonheur.com\/wp-content\/uploads\/2025\/02\/475465267_559433027130001_2855745095315046582_n-45x60.jpg 45w, https:\/\/lesbutineursdubonheur.com\/wp-content\/uploads\/2025\/02\/475465267_559433027130001_2855745095315046582_n.jpg 1536w\" sizes=\"auto, (max-width: 768px) 100vw, 768px\" \/><\/figure>\n\n\n\n<figure class=\"wp-block-image size-large\"><img loading=\"lazy\" decoding=\"async\" width=\"768\" height=\"1024\" data-id=\"1552\" src=\"http:\/\/lesbutineursdubonheur.com\/wp-content\/uploads\/2025\/02\/20250213_172608-768x1024.jpg\" alt=\"\" class=\"wp-image-1552\" srcset=\"https:\/\/lesbutineursdubonheur.com\/wp-content\/uploads\/2025\/02\/20250213_172608-768x1024.jpg 768w, https:\/\/lesbutineursdubonheur.com\/wp-content\/uploads\/2025\/02\/20250213_172608-225x300.jpg 225w, https:\/\/lesbutineursdubonheur.com\/wp-content\/uploads\/2025\/02\/20250213_172608-45x60.jpg 45w, https:\/\/lesbutineursdubonheur.com\/wp-content\/uploads\/2025\/02\/20250213_172608-rotated.jpg 960w\" sizes=\"auto, (max-width: 768px) 100vw, 768px\" \/><\/figure>\n<\/figure>\n\n\n\n<ul class=\"wp-block-list\">\n<li>D\u00e9couvrir les abeilles, comprendre la vie de la ruche, Pique nique visite de rucher et ouverture de ruches (6h)&nbsp; sur le rucher des butineurs (Mai)<\/li>\n<\/ul>\n\n\n\n<figure class=\"wp-block-gallery has-nested-images columns-default is-cropped wp-block-gallery-4 is-layout-flex wp-block-gallery-is-layout-flex\">\n<figure class=\"wp-block-image size-large\"><img loading=\"lazy\" decoding=\"async\" width=\"1024\" height=\"683\" data-id=\"1654\" src=\"https:\/\/lesbutineursdubonheur.com\/wp-content\/uploads\/2025\/07\/470140154_1287406085829085_2026245798469459544_n-1024x683.jpg\" alt=\"\" class=\"wp-image-1654\" srcset=\"https:\/\/lesbutineursdubonheur.com\/wp-content\/uploads\/2025\/07\/470140154_1287406085829085_2026245798469459544_n-1024x683.jpg 1024w, https:\/\/lesbutineursdubonheur.com\/wp-content\/uploads\/2025\/07\/470140154_1287406085829085_2026245798469459544_n-300x200.jpg 300w, https:\/\/lesbutineursdubonheur.com\/wp-content\/uploads\/2025\/07\/470140154_1287406085829085_2026245798469459544_n-768x512.jpg 768w, https:\/\/lesbutineursdubonheur.com\/wp-content\/uploads\/2025\/07\/470140154_1287406085829085_2026245798469459544_n-1536x1024.jpg 1536w, https:\/\/lesbutineursdubonheur.com\/wp-content\/uploads\/2025\/07\/470140154_1287406085829085_2026245798469459544_n-90x60.jpg 90w, https:\/\/lesbutineursdubonheur.com\/wp-content\/uploads\/2025\/07\/470140154_1287406085829085_2026245798469459544_n-420x280.jpg 420w, https:\/\/lesbutineursdubonheur.com\/wp-content\/uploads\/2025\/07\/470140154_1287406085829085_2026245798469459544_n.jpg 1620w\" sizes=\"auto, (max-width: 1024px) 100vw, 1024px\" \/><\/figure>\n\n\n\n<figure class=\"wp-block-image size-large\"><img loading=\"lazy\" decoding=\"async\" width=\"1024\" height=\"683\" data-id=\"1655\" src=\"https:\/\/lesbutineursdubonheur.com\/wp-content\/uploads\/2025\/07\/471821133_1298830531353307_3143015799615324440_n-1024x683.jpg\" alt=\"\" class=\"wp-image-1655\" srcset=\"https:\/\/lesbutineursdubonheur.com\/wp-content\/uploads\/2025\/07\/471821133_1298830531353307_3143015799615324440_n-1024x683.jpg 1024w, https:\/\/lesbutineursdubonheur.com\/wp-content\/uploads\/2025\/07\/471821133_1298830531353307_3143015799615324440_n-300x200.jpg 300w, https:\/\/lesbutineursdubonheur.com\/wp-content\/uploads\/2025\/07\/471821133_1298830531353307_3143015799615324440_n-768x512.jpg 768w, https:\/\/lesbutineursdubonheur.com\/wp-content\/uploads\/2025\/07\/471821133_1298830531353307_3143015799615324440_n-1536x1024.jpg 1536w, https:\/\/lesbutineursdubonheur.com\/wp-content\/uploads\/2025\/07\/471821133_1298830531353307_3143015799615324440_n-90x60.jpg 90w, https:\/\/lesbutineursdubonheur.com\/wp-content\/uploads\/2025\/07\/471821133_1298830531353307_3143015799615324440_n-420x280.jpg 420w, https:\/\/lesbutineursdubonheur.com\/wp-content\/uploads\/2025\/07\/471821133_1298830531353307_3143015799615324440_n.jpg 2048w\" sizes=\"auto, (max-width: 1024px) 100vw, 1024px\" \/><\/figure>\n\n\n\n<figure class=\"wp-block-image size-large\"><img loading=\"lazy\" decoding=\"async\" width=\"1024\" height=\"683\" data-id=\"1656\" src=\"https:\/\/lesbutineursdubonheur.com\/wp-content\/uploads\/2025\/07\/514852594_1428081341761558_6711666744897783984_n-1024x683.jpg\" alt=\"\" class=\"wp-image-1656\" srcset=\"https:\/\/lesbutineursdubonheur.com\/wp-content\/uploads\/2025\/07\/514852594_1428081341761558_6711666744897783984_n-1024x683.jpg 1024w, https:\/\/lesbutineursdubonheur.com\/wp-content\/uploads\/2025\/07\/514852594_1428081341761558_6711666744897783984_n-300x200.jpg 300w, https:\/\/lesbutineursdubonheur.com\/wp-content\/uploads\/2025\/07\/514852594_1428081341761558_6711666744897783984_n-768x512.jpg 768w, https:\/\/lesbutineursdubonheur.com\/wp-content\/uploads\/2025\/07\/514852594_1428081341761558_6711666744897783984_n-1536x1024.jpg 1536w, https:\/\/lesbutineursdubonheur.com\/wp-content\/uploads\/2025\/07\/514852594_1428081341761558_6711666744897783984_n-90x60.jpg 90w, https:\/\/lesbutineursdubonheur.com\/wp-content\/uploads\/2025\/07\/514852594_1428081341761558_6711666744897783984_n-420x280.jpg 420w, https:\/\/lesbutineursdubonheur.com\/wp-content\/uploads\/2025\/07\/514852594_1428081341761558_6711666744897783984_n.jpg 2048w\" sizes=\"auto, (max-width: 1024px) 100vw, 1024px\" \/><\/figure>\n<\/figure>\n\n\n\n<ul class=\"wp-block-list\">\n<li>Les miels, pr\u00e9parations possible, extraction par pressage (3h) en salle (Juillet ou Aout)<\/li>\n<\/ul>\n\n\n\n<figure class=\"wp-block-gallery has-nested-images columns-default is-cropped wp-block-gallery-5 is-layout-flex wp-block-gallery-is-layout-flex\">\n<figure class=\"wp-block-image size-large\"><img loading=\"lazy\" decoding=\"async\" width=\"1024\" height=\"683\" data-id=\"1653\" src=\"https:\/\/lesbutineursdubonheur.com\/wp-content\/uploads\/2025\/07\/P1170381-1024x683.jpg\" alt=\"\" class=\"wp-image-1653\" srcset=\"https:\/\/lesbutineursdubonheur.com\/wp-content\/uploads\/2025\/07\/P1170381-1024x683.jpg 1024w, https:\/\/lesbutineursdubonheur.com\/wp-content\/uploads\/2025\/07\/P1170381-300x200.jpg 300w, https:\/\/lesbutineursdubonheur.com\/wp-content\/uploads\/2025\/07\/P1170381-768x512.jpg 768w, https:\/\/lesbutineursdubonheur.com\/wp-content\/uploads\/2025\/07\/P1170381-1536x1024.jpg 1536w, https:\/\/lesbutineursdubonheur.com\/wp-content\/uploads\/2025\/07\/P1170381-2048x1365.jpg 2048w, https:\/\/lesbutineursdubonheur.com\/wp-content\/uploads\/2025\/07\/P1170381-90x60.jpg 90w, https:\/\/lesbutineursdubonheur.com\/wp-content\/uploads\/2025\/07\/P1170381-420x280.jpg 420w\" sizes=\"auto, (max-width: 1024px) 100vw, 1024px\" \/><\/figure>\n\n\n\n<figure class=\"wp-block-image size-large\"><img loading=\"lazy\" decoding=\"async\" width=\"1024\" height=\"683\" data-id=\"1652\" src=\"https:\/\/lesbutineursdubonheur.com\/wp-content\/uploads\/2025\/07\/P1170367-1024x683.jpg\" alt=\"\" class=\"wp-image-1652\" srcset=\"https:\/\/lesbutineursdubonheur.com\/wp-content\/uploads\/2025\/07\/P1170367-1024x683.jpg 1024w, https:\/\/lesbutineursdubonheur.com\/wp-content\/uploads\/2025\/07\/P1170367-300x200.jpg 300w, https:\/\/lesbutineursdubonheur.com\/wp-content\/uploads\/2025\/07\/P1170367-768x512.jpg 768w, https:\/\/lesbutineursdubonheur.com\/wp-content\/uploads\/2025\/07\/P1170367-1536x1024.jpg 1536w, https:\/\/lesbutineursdubonheur.com\/wp-content\/uploads\/2025\/07\/P1170367-2048x1365.jpg 2048w, https:\/\/lesbutineursdubonheur.com\/wp-content\/uploads\/2025\/07\/P1170367-90x60.jpg 90w, https:\/\/lesbutineursdubonheur.com\/wp-content\/uploads\/2025\/07\/P1170367-420x280.jpg 420w\" sizes=\"auto, (max-width: 1024px) 100vw, 1024px\" \/><\/figure>\n\n\n\n<figure class=\"wp-block-image size-large\"><img loading=\"lazy\" decoding=\"async\" width=\"1024\" height=\"683\" data-id=\"1651\" src=\"https:\/\/lesbutineursdubonheur.com\/wp-content\/uploads\/2025\/07\/P1170358-1024x683.jpg\" alt=\"\" class=\"wp-image-1651\" srcset=\"https:\/\/lesbutineursdubonheur.com\/wp-content\/uploads\/2025\/07\/P1170358-1024x683.jpg 1024w, https:\/\/lesbutineursdubonheur.com\/wp-content\/uploads\/2025\/07\/P1170358-300x200.jpg 300w, https:\/\/lesbutineursdubonheur.com\/wp-content\/uploads\/2025\/07\/P1170358-768x512.jpg 768w, https:\/\/lesbutineursdubonheur.com\/wp-content\/uploads\/2025\/07\/P1170358-1536x1024.jpg 1536w, https:\/\/lesbutineursdubonheur.com\/wp-content\/uploads\/2025\/07\/P1170358-2048x1365.jpg 2048w, https:\/\/lesbutineursdubonheur.com\/wp-content\/uploads\/2025\/07\/P1170358-90x60.jpg 90w, https:\/\/lesbutineursdubonheur.com\/wp-content\/uploads\/2025\/07\/P1170358-420x280.jpg 420w\" sizes=\"auto, (max-width: 1024px) 100vw, 1024px\" \/><\/figure>\n<\/figure>\n\n\n\n<ul class=\"wp-block-list\">\n<li>La cire et le pollen&nbsp; propri\u00e9t\u00e9s, applications, contre indications, confection de Baume et Onguent (3h) en salle (Septembre ou Octobre)<\/li>\n<\/ul>\n\n\n\n<p><\/p>\n\n\n\n<figure class=\"wp-block-gallery has-nested-images columns-default is-cropped wp-block-gallery-6 is-layout-flex wp-block-gallery-is-layout-flex\"><\/figure>\n\n\n\n<p>Form\u00e9 \u00e0 l\u2019apith\u00e9rapie par l\u2019<strong>association francophone d\u2019apith\u00e9rapie<\/strong>, je vous propose une approche bas\u00e9e sur la pr\u00e9vention et le bien \u00eatre pour l\u2019utilisation des&nbsp;<strong><em>tr\u00e9sors d\u2019abeilles<\/em><\/strong>&nbsp;dans votre quotidien.<\/p>\n\n\n\n<figure class=\"wp-block-image size-full is-resized\"><a href=\"https:\/\/www.apitherapiefrancophone.com\/\"><img loading=\"lazy\" decoding=\"async\" width=\"366\" height=\"112\" src=\"http:\/\/lesbutineursdubonheur.com\/wp-content\/uploads\/2024\/10\/Capture-decran-2024-10-20-214829.png\" alt=\"\" class=\"wp-image-1407\" style=\"width:369px;height:auto\" srcset=\"https:\/\/lesbutineursdubonheur.com\/wp-content\/uploads\/2024\/10\/Capture-decran-2024-10-20-214829.png 366w, https:\/\/lesbutineursdubonheur.com\/wp-content\/uploads\/2024\/10\/Capture-decran-2024-10-20-214829-300x92.png 300w, https:\/\/lesbutineursdubonheur.com\/wp-content\/uploads\/2024\/10\/Capture-decran-2024-10-20-214829-196x60.png 196w\" sizes=\"auto, (max-width: 366px) 100vw, 366px\" \/><\/a><\/figure>\n\n\n\n<p><\/p>\n","protected":false},"excerpt":{"rendered":"<p>M\u00eame si l&#8217;utilisation des produits de la ruche ne peut suffire au traitement de pathologies et qu&#8217;un avis m\u00e9dical est toujours n\u00e9cessaire, les abeilles fournissent &hellip; <\/p>\n","protected":false},"author":1,"featured_media":0,"parent":0,"menu_order":0,"comment_status":"closed","ping_status":"closed","template":"","meta":{"footnotes":""},"class_list":["post-1270","page","type-page","status-publish","hentry","latest_post"],"_links":{"self":[{"href":"https:\/\/lesbutineursdubonheur.com\/index.php\/wp-json\/wp\/v2\/pages\/1270","targetHints":{"allow":["GET"]}}],"collection":[{"href":"https:\/\/lesbutineursdubonheur.com\/index.php\/wp-json\/wp\/v2\/pages"}],"about":[{"href":"https:\/\/lesbutineursdubonheur.com\/index.php\/wp-json\/wp\/v2\/types\/page"}],"author":[{"embeddable":true,"href":"https:\/\/lesbutineursdubonheur.com\/index.php\/wp-json\/wp\/v2\/users\/1"}],"replies":[{"embeddable":true,"href":"https:\/\/lesbutineursdubonheur.com\/index.php\/wp-json\/wp\/v2\/comments?post=1270"}],"version-history":[{"count":31,"href":"https:\/\/lesbutineursdubonheur.com\/index.php\/wp-json\/wp\/v2\/pages\/1270\/revisions"}],"predecessor-version":[{"id":1864,"href":"https:\/\/lesbutineursdubonheur.com\/index.php\/wp-json\/wp\/v2\/pages\/1270\/revisions\/1864"}],"wp:attachment":[{"href":"https:\/\/lesbutineursdubonheur.com\/index.php\/wp-json\/wp\/v2\/media?parent=1270"}],"curies":[{"name":"wp","href":"https:\/\/api.w.org\/{rel}","templated":true}]}}