{"id":1414,"date":"2024-10-22T10:41:32","date_gmt":"2024-10-22T08:41:32","guid":{"rendered":"http:\/\/lesbutineursdubonheur.com\/?page_id=1414"},"modified":"2024-10-23T02:57:30","modified_gmt":"2024-10-23T00:57:30","slug":"dessin-botanique-2","status":"publish","type":"page","link":"https:\/\/lesbutineursdubonheur.com\/index.php\/dessin-botanique-2\/","title":{"rendered":"Dessin Botanique"},"content":{"rendered":"\n<p><\/p>\n\n\n\n<figure class=\"wp-block-image size-full\"><img loading=\"lazy\" decoding=\"async\" width=\"202\" height=\"223\" src=\"http:\/\/lesbutineursdubonheur.com\/wp-content\/uploads\/2024\/10\/Capture-decran-2023-11-03-181314-1.png\" alt=\"\" class=\"wp-image-1487\" srcset=\"https:\/\/lesbutineursdubonheur.com\/wp-content\/uploads\/2024\/10\/Capture-decran-2023-11-03-181314-1.png 202w, https:\/\/lesbutineursdubonheur.com\/wp-content\/uploads\/2024\/10\/Capture-decran-2023-11-03-181314-1-54x60.png 54w\" sizes=\"auto, (max-width: 202px) 100vw, 202px\" \/><\/figure>\n\n\n\n<p>Denise Od\u00e9on : Animatrice d\u2019ateliers et enseignante en arts plastiques, j\u2019encadre des activit\u00e9s artistiques aupr\u00e8s des enfants et des adultes depuis 2001. Ayant pass\u00e9e toute mon enfance au milieu d\u2019une petite ferme et dans la nature, l\u2019orientation de mes activit\u00e9s artistiques se tournent naturellement vers mon environnement : la for\u00eat, le jardin, les animaux.<\/p>\n\n\n\n<p><\/p>\n\n\n\n<p>Une fois par mois dans la cabane des butineurs les artistes se retrouvent autours de la plante du mois.<\/p>\n\n\n\n<figure class=\"wp-block-gallery has-nested-images columns-default is-cropped wp-block-gallery-1 is-layout-flex wp-block-gallery-is-layout-flex\">\n<figure class=\"wp-block-image size-large\"><img loading=\"lazy\" decoding=\"async\" width=\"768\" height=\"1024\" data-id=\"1453\" src=\"http:\/\/lesbutineursdubonheur.com\/wp-content\/uploads\/2024\/10\/403720593_1052088786027484_2315681525935377270_n-1.jpg\" alt=\"\" class=\"wp-image-1453\" srcset=\"https:\/\/lesbutineursdubonheur.com\/wp-content\/uploads\/2024\/10\/403720593_1052088786027484_2315681525935377270_n-1.jpg 768w, https:\/\/lesbutineursdubonheur.com\/wp-content\/uploads\/2024\/10\/403720593_1052088786027484_2315681525935377270_n-1-225x300.jpg 225w, https:\/\/lesbutineursdubonheur.com\/wp-content\/uploads\/2024\/10\/403720593_1052088786027484_2315681525935377270_n-1-45x60.jpg 45w\" sizes=\"auto, (max-width: 768px) 100vw, 768px\" \/><\/figure>\n\n\n\n<figure class=\"wp-block-image size-large\"><img loading=\"lazy\" decoding=\"async\" width=\"768\" height=\"1024\" data-id=\"1454\" src=\"http:\/\/lesbutineursdubonheur.com\/wp-content\/uploads\/2024\/10\/403716241_1052088992694130_4611654673493784195_n-2.jpg\" alt=\"\" class=\"wp-image-1454\" srcset=\"https:\/\/lesbutineursdubonheur.com\/wp-content\/uploads\/2024\/10\/403716241_1052088992694130_4611654673493784195_n-2.jpg 768w, https:\/\/lesbutineursdubonheur.com\/wp-content\/uploads\/2024\/10\/403716241_1052088992694130_4611654673493784195_n-2-225x300.jpg 225w, https:\/\/lesbutineursdubonheur.com\/wp-content\/uploads\/2024\/10\/403716241_1052088992694130_4611654673493784195_n-2-45x60.jpg 45w\" sizes=\"auto, (max-width: 768px) 100vw, 768px\" \/><\/figure>\n\n\n\n<figure class=\"wp-block-image size-large\"><img loading=\"lazy\" decoding=\"async\" width=\"768\" height=\"1024\" data-id=\"1455\" src=\"http:\/\/lesbutineursdubonheur.com\/wp-content\/uploads\/2024\/10\/403719444_1052088909360805_1845296546750173182_n-1.jpg\" alt=\"\" class=\"wp-image-1455\" srcset=\"https:\/\/lesbutineursdubonheur.com\/wp-content\/uploads\/2024\/10\/403719444_1052088909360805_1845296546750173182_n-1.jpg 768w, https:\/\/lesbutineursdubonheur.com\/wp-content\/uploads\/2024\/10\/403719444_1052088909360805_1845296546750173182_n-1-225x300.jpg 225w, https:\/\/lesbutineursdubonheur.com\/wp-content\/uploads\/2024\/10\/403719444_1052088909360805_1845296546750173182_n-1-45x60.jpg 45w\" sizes=\"auto, (max-width: 768px) 100vw, 768px\" \/><\/figure>\n<\/figure>\n\n\n\n<p>Apr\u00e8s un temps  o\u00f9 sot abord\u00e9s les notions botanique et m\u00e9dicinale Denise accompagne chacun ou chacune dans la r\u00e9alisation de son cahier botanique.<\/p>\n\n\n\n<figure class=\"wp-block-gallery has-nested-images columns-default is-cropped wp-block-gallery-2 is-layout-flex wp-block-gallery-is-layout-flex\">\n<figure class=\"wp-block-image size-large\"><img loading=\"lazy\" decoding=\"async\" width=\"1024\" height=\"683\" data-id=\"1449\" src=\"http:\/\/lesbutineursdubonheur.com\/wp-content\/uploads\/2024\/10\/273532235_648576509712049_7117524008874555041_n-1-1024x683.jpg\" alt=\"\" class=\"wp-image-1449\" srcset=\"https:\/\/lesbutineursdubonheur.com\/wp-content\/uploads\/2024\/10\/273532235_648576509712049_7117524008874555041_n-1-1024x683.jpg 1024w, https:\/\/lesbutineursdubonheur.com\/wp-content\/uploads\/2024\/10\/273532235_648576509712049_7117524008874555041_n-1-300x200.jpg 300w, https:\/\/lesbutineursdubonheur.com\/wp-content\/uploads\/2024\/10\/273532235_648576509712049_7117524008874555041_n-1-768x512.jpg 768w, https:\/\/lesbutineursdubonheur.com\/wp-content\/uploads\/2024\/10\/273532235_648576509712049_7117524008874555041_n-1-1536x1024.jpg 1536w, https:\/\/lesbutineursdubonheur.com\/wp-content\/uploads\/2024\/10\/273532235_648576509712049_7117524008874555041_n-1-90x60.jpg 90w, https:\/\/lesbutineursdubonheur.com\/wp-content\/uploads\/2024\/10\/273532235_648576509712049_7117524008874555041_n-1-420x280.jpg 420w, https:\/\/lesbutineursdubonheur.com\/wp-content\/uploads\/2024\/10\/273532235_648576509712049_7117524008874555041_n-1.jpg 1620w\" sizes=\"auto, (max-width: 1024px) 100vw, 1024px\" \/><\/figure>\n\n\n\n<figure class=\"wp-block-image size-large\"><img loading=\"lazy\" decoding=\"async\" width=\"1024\" height=\"683\" data-id=\"1451\" src=\"http:\/\/lesbutineursdubonheur.com\/wp-content\/uploads\/2024\/10\/312356060_824852082084490_5907365877947794462_n-1-1-1024x683.jpg\" alt=\"\" class=\"wp-image-1451\" srcset=\"https:\/\/lesbutineursdubonheur.com\/wp-content\/uploads\/2024\/10\/312356060_824852082084490_5907365877947794462_n-1-1-1024x683.jpg 1024w, https:\/\/lesbutineursdubonheur.com\/wp-content\/uploads\/2024\/10\/312356060_824852082084490_5907365877947794462_n-1-1-300x200.jpg 300w, https:\/\/lesbutineursdubonheur.com\/wp-content\/uploads\/2024\/10\/312356060_824852082084490_5907365877947794462_n-1-1-768x512.jpg 768w, https:\/\/lesbutineursdubonheur.com\/wp-content\/uploads\/2024\/10\/312356060_824852082084490_5907365877947794462_n-1-1-1536x1024.jpg 1536w, https:\/\/lesbutineursdubonheur.com\/wp-content\/uploads\/2024\/10\/312356060_824852082084490_5907365877947794462_n-1-1-90x60.jpg 90w, https:\/\/lesbutineursdubonheur.com\/wp-content\/uploads\/2024\/10\/312356060_824852082084490_5907365877947794462_n-1-1-420x280.jpg 420w, https:\/\/lesbutineursdubonheur.com\/wp-content\/uploads\/2024\/10\/312356060_824852082084490_5907365877947794462_n-1-1.jpg 2048w\" sizes=\"auto, (max-width: 1024px) 100vw, 1024px\" \/><\/figure>\n\n\n\n<figure class=\"wp-block-image size-large\"><img loading=\"lazy\" decoding=\"async\" width=\"1024\" height=\"743\" data-id=\"1450\" src=\"http:\/\/lesbutineursdubonheur.com\/wp-content\/uploads\/2024\/10\/417397363_1112887943280901_3706347967903726893_n-1024x743.jpg\" alt=\"\" class=\"wp-image-1450\" srcset=\"https:\/\/lesbutineursdubonheur.com\/wp-content\/uploads\/2024\/10\/417397363_1112887943280901_3706347967903726893_n-1024x743.jpg 1024w, https:\/\/lesbutineursdubonheur.com\/wp-content\/uploads\/2024\/10\/417397363_1112887943280901_3706347967903726893_n-300x218.jpg 300w, https:\/\/lesbutineursdubonheur.com\/wp-content\/uploads\/2024\/10\/417397363_1112887943280901_3706347967903726893_n-768x557.jpg 768w, https:\/\/lesbutineursdubonheur.com\/wp-content\/uploads\/2024\/10\/417397363_1112887943280901_3706347967903726893_n-1536x1115.jpg 1536w, https:\/\/lesbutineursdubonheur.com\/wp-content\/uploads\/2024\/10\/417397363_1112887943280901_3706347967903726893_n-83x60.jpg 83w, https:\/\/lesbutineursdubonheur.com\/wp-content\/uploads\/2024\/10\/417397363_1112887943280901_3706347967903726893_n.jpg 2048w\" sizes=\"auto, (max-width: 1024px) 100vw, 1024px\" \/><\/figure>\n<\/figure>\n\n\n\n<figure class=\"wp-block-image size-full is-resized\"><img loading=\"lazy\" decoding=\"async\" width=\"1024\" height=\"791\" src=\"http:\/\/lesbutineursdubonheur.com\/wp-content\/uploads\/2024\/10\/Outer-Page-2-1024x791-1.png\" alt=\"\" class=\"wp-image-1435\" style=\"width:745px;height:auto\" srcset=\"https:\/\/lesbutineursdubonheur.com\/wp-content\/uploads\/2024\/10\/Outer-Page-2-1024x791-1.png 1024w, https:\/\/lesbutineursdubonheur.com\/wp-content\/uploads\/2024\/10\/Outer-Page-2-1024x791-1-300x232.png 300w, https:\/\/lesbutineursdubonheur.com\/wp-content\/uploads\/2024\/10\/Outer-Page-2-1024x791-1-768x593.png 768w, https:\/\/lesbutineursdubonheur.com\/wp-content\/uploads\/2024\/10\/Outer-Page-2-1024x791-1-78x60.png 78w\" sizes=\"auto, (max-width: 1024px) 100vw, 1024px\" \/><\/figure>\n\n\n\n<figure class=\"wp-block-image size-full\"><img loading=\"lazy\" decoding=\"async\" width=\"1024\" height=\"791\" src=\"http:\/\/lesbutineursdubonheur.com\/wp-content\/uploads\/2024\/10\/Inner-Page-2-1024x791-1.png\" alt=\"\" class=\"wp-image-1436\" srcset=\"https:\/\/lesbutineursdubonheur.com\/wp-content\/uploads\/2024\/10\/Inner-Page-2-1024x791-1.png 1024w, https:\/\/lesbutineursdubonheur.com\/wp-content\/uploads\/2024\/10\/Inner-Page-2-1024x791-1-300x232.png 300w, https:\/\/lesbutineursdubonheur.com\/wp-content\/uploads\/2024\/10\/Inner-Page-2-1024x791-1-768x593.png 768w, https:\/\/lesbutineursdubonheur.com\/wp-content\/uploads\/2024\/10\/Inner-Page-2-1024x791-1-78x60.png 78w\" sizes=\"auto, (max-width: 1024px) 100vw, 1024px\" \/><\/figure>\n","protected":false},"excerpt":{"rendered":"<p>Denise Od\u00e9on : Animatrice d\u2019ateliers et enseignante en arts plastiques, j\u2019encadre des activit\u00e9s artistiques aupr\u00e8s des enfants et des adultes depuis 2001. Ayant pass\u00e9e toute &hellip; <\/p>\n","protected":false},"author":1,"featured_media":0,"parent":0,"menu_order":0,"comment_status":"closed","ping_status":"closed","template":"","meta":{"footnotes":""},"class_list":["post-1414","page","type-page","status-publish","hentry","latest_post"],"_links":{"self":[{"href":"https:\/\/lesbutineursdubonheur.com\/index.php\/wp-json\/wp\/v2\/pages\/1414","targetHints":{"allow":["GET"]}}],"collection":[{"href":"https:\/\/lesbutineursdubonheur.com\/index.php\/wp-json\/wp\/v2\/pages"}],"about":[{"href":"https:\/\/lesbutineursdubonheur.com\/index.php\/wp-json\/wp\/v2\/types\/page"}],"author":[{"embeddable":true,"href":"https:\/\/lesbutineursdubonheur.com\/index.php\/wp-json\/wp\/v2\/users\/1"}],"replies":[{"embeddable":true,"href":"https:\/\/lesbutineursdubonheur.com\/index.php\/wp-json\/wp\/v2\/comments?post=1414"}],"version-history":[{"count":4,"href":"https:\/\/lesbutineursdubonheur.com\/index.php\/wp-json\/wp\/v2\/pages\/1414\/revisions"}],"predecessor-version":[{"id":1489,"href":"https:\/\/lesbutineursdubonheur.com\/index.php\/wp-json\/wp\/v2\/pages\/1414\/revisions\/1489"}],"wp:attachment":[{"href":"https:\/\/lesbutineursdubonheur.com\/index.php\/wp-json\/wp\/v2\/media?parent=1414"}],"curies":[{"name":"wp","href":"https:\/\/api.w.org\/{rel}","templated":true}]}}