{"id":1573,"date":"2025-06-23T18:21:08","date_gmt":"2025-06-23T16:21:08","guid":{"rendered":"http:\/\/lesbutineursdubonheur.com\/?page_id=1573"},"modified":"2026-04-02T19:00:42","modified_gmt":"2026-04-02T17:00:42","slug":"reseau-etre","status":"publish","type":"page","link":"https:\/\/lesbutineursdubonheur.com\/index.php\/reseau-etre\/","title":{"rendered":"Ecole de la TRansition Ecologique"},"content":{"rendered":"\n<figure class=\"wp-block-image size-large\"><img loading=\"lazy\" decoding=\"async\" width=\"1024\" height=\"1024\" src=\"https:\/\/lesbutineursdubonheur.com\/wp-content\/uploads\/2025\/09\/New-2025-Logo-ETRE-a-venir-1024x1024.png\" alt=\"\" class=\"wp-image-1786\" srcset=\"https:\/\/lesbutineursdubonheur.com\/wp-content\/uploads\/2025\/09\/New-2025-Logo-ETRE-a-venir-1024x1024.png 1024w, https:\/\/lesbutineursdubonheur.com\/wp-content\/uploads\/2025\/09\/New-2025-Logo-ETRE-a-venir-300x300.png 300w, https:\/\/lesbutineursdubonheur.com\/wp-content\/uploads\/2025\/09\/New-2025-Logo-ETRE-a-venir-150x150.png 150w, https:\/\/lesbutineursdubonheur.com\/wp-content\/uploads\/2025\/09\/New-2025-Logo-ETRE-a-venir-768x768.png 768w, https:\/\/lesbutineursdubonheur.com\/wp-content\/uploads\/2025\/09\/New-2025-Logo-ETRE-a-venir-60x60.png 60w, https:\/\/lesbutineursdubonheur.com\/wp-content\/uploads\/2025\/09\/New-2025-Logo-ETRE-a-venir.png 1500w\" sizes=\"auto, (max-width: 1024px) 100vw, 1024px\" \/><\/figure>\n\n\n\n<p>Notre association \u00e0 rejoins l&#8217;incubateur des \u00e9coles de la transition \u00e9cologique depuis l&#8217;automne 2025<\/p>\n\n\n\n<h2 class=\"wp-block-heading\">Notre premiere formation en image<\/h2>\n\n\n\n<p><\/p>\n\n\n\n<figure class=\"wp-block-embed is-type-video is-provider-youtube wp-block-embed-youtube wp-embed-aspect-16-9 wp-has-aspect-ratio\"><div class=\"wp-block-embed__wrapper\">\n<iframe loading=\"lazy\" title=\"Formation D\u00e9couverte des m\u00e9tiers de la transition \u00e9cologique en Dordogne\" width=\"840\" height=\"473\" src=\"https:\/\/www.youtube.com\/embed\/cz4ktYXl89s?feature=oembed\" frameborder=\"0\" allow=\"accelerometer; autoplay; clipboard-write; encrypted-media; gyroscope; picture-in-picture; web-share\" referrerpolicy=\"strict-origin-when-cross-origin\" allowfullscreen><\/iframe>\n<\/div><\/figure>\n\n\n\n<p>accompagn\u00e9 d&#8217;un article dans le journal Sud Ouest<\/p>\n\n\n\n<figure class=\"wp-block-image size-large\"><img loading=\"lazy\" decoding=\"async\" width=\"644\" height=\"1024\" src=\"https:\/\/lesbutineursdubonheur.com\/wp-content\/uploads\/2026\/04\/Capture-decran-2026-04-02-184543-644x1024.png\" alt=\"\" class=\"wp-image-1867\" srcset=\"https:\/\/lesbutineursdubonheur.com\/wp-content\/uploads\/2026\/04\/Capture-decran-2026-04-02-184543-644x1024.png 644w, https:\/\/lesbutineursdubonheur.com\/wp-content\/uploads\/2026\/04\/Capture-decran-2026-04-02-184543-189x300.png 189w, https:\/\/lesbutineursdubonheur.com\/wp-content\/uploads\/2026\/04\/Capture-decran-2026-04-02-184543-38x60.png 38w, https:\/\/lesbutineursdubonheur.com\/wp-content\/uploads\/2026\/04\/Capture-decran-2026-04-02-184543.png 721w\" sizes=\"auto, (max-width: 644px) 100vw, 644px\" \/><\/figure>\n\n\n\n<h2 class=\"wp-block-heading\"><\/h2>\n\n\n\n<figure class=\"wp-block-gallery has-nested-images columns-default is-cropped wp-block-gallery-1 is-layout-flex wp-block-gallery-is-layout-flex\"><\/figure>\n\n\n\n<h2 class=\"wp-block-heading\">Programme de la session de Mars 2026 <\/h2>\n\n\n\n<figure class=\"wp-block-image size-large\"><img loading=\"lazy\" decoding=\"async\" width=\"1024\" height=\"724\" src=\"https:\/\/lesbutineursdubonheur.com\/wp-content\/uploads\/2026\/03\/Plaquette-ETRE-1024x724.png\" alt=\"\" class=\"wp-image-1856\" srcset=\"https:\/\/lesbutineursdubonheur.com\/wp-content\/uploads\/2026\/03\/Plaquette-ETRE-1024x724.png 1024w, https:\/\/lesbutineursdubonheur.com\/wp-content\/uploads\/2026\/03\/Plaquette-ETRE-300x212.png 300w, https:\/\/lesbutineursdubonheur.com\/wp-content\/uploads\/2026\/03\/Plaquette-ETRE-768x543.png 768w, https:\/\/lesbutineursdubonheur.com\/wp-content\/uploads\/2026\/03\/Plaquette-ETRE-1536x1086.png 1536w, https:\/\/lesbutineursdubonheur.com\/wp-content\/uploads\/2026\/03\/Plaquette-ETRE-85x60.png 85w, https:\/\/lesbutineursdubonheur.com\/wp-content\/uploads\/2026\/03\/Plaquette-ETRE.png 2000w\" sizes=\"auto, (max-width: 1024px) 100vw, 1024px\" \/><\/figure>\n\n\n\n<figure class=\"wp-block-image size-large\"><img loading=\"lazy\" decoding=\"async\" width=\"1024\" height=\"724\" src=\"https:\/\/lesbutineursdubonheur.com\/wp-content\/uploads\/2026\/03\/2-1024x724.png\" alt=\"\" class=\"wp-image-1858\" srcset=\"https:\/\/lesbutineursdubonheur.com\/wp-content\/uploads\/2026\/03\/2-1024x724.png 1024w, https:\/\/lesbutineursdubonheur.com\/wp-content\/uploads\/2026\/03\/2-300x212.png 300w, https:\/\/lesbutineursdubonheur.com\/wp-content\/uploads\/2026\/03\/2-768x543.png 768w, https:\/\/lesbutineursdubonheur.com\/wp-content\/uploads\/2026\/03\/2-1536x1086.png 1536w, https:\/\/lesbutineursdubonheur.com\/wp-content\/uploads\/2026\/03\/2-85x60.png 85w, https:\/\/lesbutineursdubonheur.com\/wp-content\/uploads\/2026\/03\/2.png 2000w\" sizes=\"auto, (max-width: 1024px) 100vw, 1024px\" \/><\/figure>\n","protected":false},"excerpt":{"rendered":"<p>Notre association \u00e0 rejoins l&#8217;incubateur des \u00e9coles de la transition \u00e9cologique depuis l&#8217;automne 2025 Notre premiere formation en image accompagn\u00e9 d&#8217;un article dans le journal &hellip; <\/p>\n","protected":false},"author":1,"featured_media":0,"parent":0,"menu_order":0,"comment_status":"closed","ping_status":"closed","template":"","meta":{"footnotes":""},"class_list":["post-1573","page","type-page","status-publish","hentry","latest_post"],"_links":{"self":[{"href":"https:\/\/lesbutineursdubonheur.com\/index.php\/wp-json\/wp\/v2\/pages\/1573","targetHints":{"allow":["GET"]}}],"collection":[{"href":"https:\/\/lesbutineursdubonheur.com\/index.php\/wp-json\/wp\/v2\/pages"}],"about":[{"href":"https:\/\/lesbutineursdubonheur.com\/index.php\/wp-json\/wp\/v2\/types\/page"}],"author":[{"embeddable":true,"href":"https:\/\/lesbutineursdubonheur.com\/index.php\/wp-json\/wp\/v2\/users\/1"}],"replies":[{"embeddable":true,"href":"https:\/\/lesbutineursdubonheur.com\/index.php\/wp-json\/wp\/v2\/comments?post=1573"}],"version-history":[{"count":12,"href":"https:\/\/lesbutineursdubonheur.com\/index.php\/wp-json\/wp\/v2\/pages\/1573\/revisions"}],"predecessor-version":[{"id":1870,"href":"https:\/\/lesbutineursdubonheur.com\/index.php\/wp-json\/wp\/v2\/pages\/1573\/revisions\/1870"}],"wp:attachment":[{"href":"https:\/\/lesbutineursdubonheur.com\/index.php\/wp-json\/wp\/v2\/media?parent=1573"}],"curies":[{"name":"wp","href":"https:\/\/api.w.org\/{rel}","templated":true}]}}