{"id":95,"date":"2021-10-08T18:12:21","date_gmt":"2021-10-08T16:12:21","guid":{"rendered":"http:\/\/lesbutineursdubonheur.com\/?page_id=95"},"modified":"2026-03-03T12:52:28","modified_gmt":"2026-03-03T11:52:28","slug":"apiculture-2","status":"publish","type":"page","link":"https:\/\/lesbutineursdubonheur.com\/index.php\/apiculture-2\/","title":{"rendered":"Apiculture Naturelle programme 2026"},"content":{"rendered":"\n<figure class=\"wp-block-image size-full\"><img loading=\"lazy\" decoding=\"async\" width=\"1024\" height=\"683\" src=\"http:\/\/lesbutineursdubonheur.com\/wp-content\/uploads\/2023\/09\/image-24.png\" alt=\"\" class=\"wp-image-1023\" srcset=\"https:\/\/lesbutineursdubonheur.com\/wp-content\/uploads\/2023\/09\/image-24.png 1024w, https:\/\/lesbutineursdubonheur.com\/wp-content\/uploads\/2023\/09\/image-24-300x200.png 300w, https:\/\/lesbutineursdubonheur.com\/wp-content\/uploads\/2023\/09\/image-24-768x512.png 768w, https:\/\/lesbutineursdubonheur.com\/wp-content\/uploads\/2023\/09\/image-24-90x60.png 90w, https:\/\/lesbutineursdubonheur.com\/wp-content\/uploads\/2023\/09\/image-24-420x280.png 420w\" sizes=\"auto, (max-width: 1024px) 100vw, 1024px\" \/><\/figure>\n\n\n\n<p><\/p>\n\n\n\n<p>Les Butineurs du Bonheur, c&#8217;est l&#8217;expression de notre volont\u00e9 d&#8217;\u00eatre dans un \u00e9tat d&#8217;esprit qui guide notre relation au vivant.<\/p>\n\n\n\n<p>C&#8217;est en 2018 pour favoriser une apiculture naturelle que l&#8217;association \u00e0 \u00e9t\u00e9 fond\u00e9e. Elle nous fait \u00e9voluer vers une relation plus sensible \u00e0 l&#8217;abeille, \u00e0 l&#8217;environnement.<\/p>\n\n\n\n<p>L&#8217;abeille participe \u00e0 notre vie dans tout ses aspects, nous donne l&#8217;exemple, nous apprivoise et nous apprend le d\u00e9passement.<\/p>\n\n\n\n<p>Avant de vous parler de l&#8217;association et de ses activit\u00e9s, je voudrais vous partager cette vision de l&#8217;abeille.<\/p>\n\n\n\n<p>Imaginons ensemble cet individu dont l&#8217;\u00e9picentre se situe au niveau de la ruche, l\u00e0 o\u00f9 est la reine. Cet individu dont certaines cellules, les butineuses se d\u00e9tachent pour parcourir plusieurs kilom\u00e8tres.       Quelle conscience peut avoir un individu qui poss\u00e8de de telles capacit\u00e9s ?                                                   Imaginez vous \u00eatre pr\u00e9sent au m\u00eame instant aux quatre coins d&#8217;un territoire de plusieurs kilom\u00e8tres carr\u00e9. Les fleurs ressentent la proximit\u00e9 de ces complices de toujours. A leur arriv\u00e9e, elles vont g\u00e9n\u00e9rer des parfums et Nectar en surcrois<\/p>\n\n\n\n<p>Quelle merveilleuse relation que cette interd\u00e9pendance, ce don mutuel.<\/p>\n\n\n\n<p>Quelle est donc notre place dans cette relation du vivant ?<\/p>\n\n\n\n<p>Ici sur notre lieu de vie commun nous avons d\u00e9velopp\u00e9 ces derni\u00e8res ann\u00e9es des actions en lien avec l&#8217;abeille, son c\u00f4t\u00e9 sensible.<\/p>\n\n\n\n<p><strong>La petite histoire des &#8220;Butineurs du Bonheur&#8221;.<\/strong><\/p>\n\n\n\n<p>A l&#8217;origine de l&#8217;association, une dizaine de copains, Denise ma compagne et moi, nous entamons l&#8217;aventure qui va profond\u00e9ment modifier ma vie.<\/p>\n\n\n\n<p>Apiculteur amateur depuis le d\u00e9but des ann\u00e9es 2010, j&#8217;h\u00e9bergeais sur notre espace 5 ruches : 3 warr\u00e9s auto construites et conduites \u00e0 partir de barrettes et 2 Dadants de fa\u00e7on plus conventionnelle. Cette activit\u00e9 de loisir s&#8217;int\u00e9grait compl\u00e9tement dans les valeurs que je portais dans mon activit\u00e9 professionnelle autour de la gestion de la mati\u00e8re organique (le compostage).<\/p>\n\n\n\n<p>Pour r\u00e9pondre \u00e0 la demande des copains \u00e9voqu\u00e9s ci dessus, je lance donc la premi\u00e8re session de formation, 8 journ\u00e9es r\u00e9parties sur l&#8217;ann\u00e9e, dans notre salle \u00e0 manger&#8230;<\/p>\n\n\n\n<p>Evidement le groupe de stagiaires issu majoritairement de mon r\u00e9seau professionnel et personnel est bienveillant, curieux, tr\u00e8s perspicace, ce qui m&#8217;am\u00e8ne \u00e0 interroger ma pratique et \u00e0 la faire \u00e9voluer.<\/p>\n\n\n\n<p>Je construis les bases de ma r\u00e9flexion qui va s&#8217;amplifier, lors de la session suivante 2019, dix nouveaux stagiaires.<\/p>\n\n\n\n<p>Avec eux, j&#8217;accentue le virage vers une apiculture bas\u00e9e sur l&#8217;abeille, j&#8217;ouvre la voie au financement Viv\u00e9a de la formation professionnelle pour l&#8217;ann\u00e9e suivante.<\/p>\n\n\n\n<p>Un peu \u00e0 l&#8217;\u00e9troit dans notre salle \u00e0 manger, nous nous lan\u00e7ons avec les adh\u00e9rents et copains du territoire dans la construction de la cabane des butineurs, une salle de formation \u00e0 destination de l&#8217;apiculture, mais qui va s&#8217;ouvrir \u00e0 d&#8217;autres activit\u00e9s dont le Dessin Botanique.<\/p>\n\n\n\n<p>En 2020, j&#8217;entame ma relation avec le Mouvement de l&#8217;Agriculture en Biodynamie pour lequel j&#8217;interviens depuis et gr\u00e2ce auquel je continue \u00e0 construire ma r\u00e9flexion sur mon lien au vivant.<\/p>\n\n\n\n<p>2020, c&#8217;est aussi l&#8217;ann\u00e9e ou je creuse mon premier tronc, interpell\u00e9 par les articles d&#8217;Henry Giorgi dans abeilles en libert\u00e9, je me lance dans la fabrication d&#8217;une ruche tronc.<\/p>\n\n\n\n<p>Je deviens vite fan de ce type de ruche, j&#8217;anime depuis tous les ans des stages pour offrir aux abeilles de jolis troncs.<\/p>\n\n\n\n<p><strong>Nos activit\u00e9s :<\/strong><\/p>\n\n\n\n<p>Sur notre petite ferme, l&#8217;association propose tout un programme autour de l&#8217;abeille compos\u00e9 de sessions de formation \u00e0 l&#8217;ann\u00e9e, de week-ends et stages th\u00e9matiques, ou d&#8217;interventions sp\u00e9cifiques que vous pourrez retrouver sur les diff\u00e9rents onglets.<\/p>\n\n\n\n<p>Ici les stagiaires partagent notre relation aux abeilles avec quelques moutons, poules, canards, oies, chiens. L&#8217;espace y est tr\u00e8s naturel et chacun peut y vivre agr\u00e9ablement chaque journ\u00e9e.<\/p>\n\n\n\n<p>J&#8217;interviens \u00e9galement aupr\u00e8s de la fondation John Bost par des ateliers mensuels \u00e0 destination de r\u00e9sidents atteints de d\u00e9ficience.  J&#8217;anime pour le Lyc\u00e9e agricole de P\u00e9rigueux une session sur l&#8217;apiculture naturelle.<\/p>\n\n\n\n<p><strong>Nos projets ; <\/strong>Depuis le d\u00e9but les activit\u00e9s, ce sont les rencontres qui nous montrent le chemin.<\/p>\n\n\n\n<p>Avec Denise nous travaillons sur un ouvrage illustr\u00e9 qui traite aussi bien des aspects techniques que de notre approche sensible \u00e0 l&#8217;abeille.<\/p>\n\n\n\n<p>Je souhaite \u00e9galement approfondir le lien &#8220;sant\u00e9 &#8220;, entre les plantes, les abeilles, les hommes.<\/p>\n\n\n\n<p>De toutes les intentions celle qui guide nos pas, c&#8217;est bien celle du bonheur. Les abeilles nous montrent le chemin en s&#8217;\u00e9panouissant au service du vivant.<\/p>\n\n\n\n<figure class=\"wp-block-embed is-type-video is-provider-youtube wp-block-embed-youtube wp-embed-aspect-16-9 wp-has-aspect-ratio\"><div class=\"wp-block-embed__wrapper\">\n<iframe loading=\"lazy\" title=\"l&#039;essaimage\" width=\"840\" height=\"473\" src=\"https:\/\/www.youtube.com\/embed\/UxxtS7uUbRE?feature=oembed\" frameborder=\"0\" allow=\"accelerometer; autoplay; clipboard-write; encrypted-media; gyroscope; picture-in-picture; web-share\" referrerpolicy=\"strict-origin-when-cross-origin\" allowfullscreen><\/iframe>\n<\/div><\/figure>\n\n\n<div class=\"wp-block-image\">\n<figure class=\"aligncenter size-full\"><img loading=\"lazy\" decoding=\"async\" width=\"665\" height=\"275\" src=\"http:\/\/lesbutineursdubonheur.com\/wp-content\/uploads\/2021\/10\/signature-ruche-tronc.png\" alt=\"\" class=\"wp-image-231\" srcset=\"https:\/\/lesbutineursdubonheur.com\/wp-content\/uploads\/2021\/10\/signature-ruche-tronc.png 665w, https:\/\/lesbutineursdubonheur.com\/wp-content\/uploads\/2021\/10\/signature-ruche-tronc-300x124.png 300w\" sizes=\"auto, (max-width: 665px) 100vw, 665px\" \/><\/figure>\n<\/div>\n\n\n<p><\/p>\n","protected":false},"excerpt":{"rendered":"<p>Les Butineurs du Bonheur, c&#8217;est l&#8217;expression de notre volont\u00e9 d&#8217;\u00eatre dans un \u00e9tat d&#8217;esprit qui guide notre relation au vivant. C&#8217;est en 2018 pour favoriser &hellip; <\/p>\n","protected":false},"author":1,"featured_media":0,"parent":0,"menu_order":0,"comment_status":"closed","ping_status":"closed","template":"","meta":{"footnotes":""},"class_list":["post-95","page","type-page","status-publish","hentry","latest_post"],"_links":{"self":[{"href":"https:\/\/lesbutineursdubonheur.com\/index.php\/wp-json\/wp\/v2\/pages\/95","targetHints":{"allow":["GET"]}}],"collection":[{"href":"https:\/\/lesbutineursdubonheur.com\/index.php\/wp-json\/wp\/v2\/pages"}],"about":[{"href":"https:\/\/lesbutineursdubonheur.com\/index.php\/wp-json\/wp\/v2\/types\/page"}],"author":[{"embeddable":true,"href":"https:\/\/lesbutineursdubonheur.com\/index.php\/wp-json\/wp\/v2\/users\/1"}],"replies":[{"embeddable":true,"href":"https:\/\/lesbutineursdubonheur.com\/index.php\/wp-json\/wp\/v2\/comments?post=95"}],"version-history":[{"count":71,"href":"https:\/\/lesbutineursdubonheur.com\/index.php\/wp-json\/wp\/v2\/pages\/95\/revisions"}],"predecessor-version":[{"id":1823,"href":"https:\/\/lesbutineursdubonheur.com\/index.php\/wp-json\/wp\/v2\/pages\/95\/revisions\/1823"}],"wp:attachment":[{"href":"https:\/\/lesbutineursdubonheur.com\/index.php\/wp-json\/wp\/v2\/media?parent=95"}],"curies":[{"name":"wp","href":"https:\/\/api.w.org\/{rel}","templated":true}]}}